{"id":2612,"date":"2026-01-20T17:36:16","date_gmt":"2026-01-20T16:36:16","guid":{"rendered":"https:\/\/sadtech.fr\/?post_type=product&#038;p=2612"},"modified":"2026-01-21T10:10:57","modified_gmt":"2026-01-21T09:10:57","slug":"intervention-diagnostic-depannage-climatisation","status":"publish","type":"product","link":"https:\/\/sadtech.fr\/index.php\/product\/intervention-diagnostic-depannage-climatisation\/","title":{"rendered":"Intervention Diagnostic D\u00e9pannage Climatisation"},"content":{"rendered":"<p>Intervention pour diagnostic, D\u00e9pannage, R\u00e9paration. Syst\u00e8mes de Climatisation et Pompe a Chaleur, air air, air eau, Syst\u00e8mes Eau Glac\u00e9s Syst\u00e8mes de Ventilation VMC, Centrale Traitement D&rsquo;air R\u00e9paration de conduits de Ventilation . pour Bureau Tertiaire Entrep\u00f4t Commerces Cabinets tous Syst\u00e8mes de Climatisation.<\/p>\n<h2><strong>Forfait Inclus :<\/strong><\/h2>\n<ul>\n<li>D\u00e9placement en moins de 48H a Paris et Petite Couronne<\/li>\n<li>Contr\u00f4le de tout les Param\u00e8tres de Fonctionnement<\/li>\n<li>Recherche et identification d&rsquo;Anomalie<\/li>\n<li>Remise en \u00e9tat de Fonctionnement si les Conditions Permettent (disponibilit\u00e9, Pi\u00e8ces, temps..)<\/li>\n<li>2 Heures Main d&rsquo;\u0153uvre en intervention<\/li>\n<\/ul>\n<p><strong>Non inclus<\/strong><\/p>\n<ul>\n<li>Recherche de Fuite de Gaz Frigorig\u00e8ne Approfondi<\/li>\n<li>Recharge Gaz<\/li>\n<li>Remplacement des pi\u00e8ces d\u00e9fectueuses<\/li>\n<li>D\u00e9montage et Remontage de l&rsquo;\u00e9quipement<\/li>\n<\/ul>\n","protected":false},"excerpt":{"rendered":"<p>Intervention pour Diagnostic , D\u00e9pannage, R\u00e9paration, des syst\u00e8mes de Climatisation et Pompe a Chaleur a Paris et Petite Couronne<\/p>\n","protected":false},"featured_media":2402,"template":"","meta":[],"product_brand":[51],"product_cat":[25,44],"product_tag":[],"class_list":{"0":"post-2612","1":"product","2":"type-product","3":"status-publish","4":"has-post-thumbnail","6":"product_brand-sadtech","7":"product_cat-pompe-a-chaleur-reversible","8":"product_cat-services","10":"first","11":"instock","12":"featured","13":"taxable","14":"shipping-taxable","15":"purchasable","16":"product-type-simple"},"_links":{"self":[{"href":"https:\/\/sadtech.fr\/index.php\/wp-json\/wp\/v2\/product\/2612","targetHints":{"allow":["GET"]}}],"collection":[{"href":"https:\/\/sadtech.fr\/index.php\/wp-json\/wp\/v2\/product"}],"about":[{"href":"https:\/\/sadtech.fr\/index.php\/wp-json\/wp\/v2\/types\/product"}],"version-history":[{"count":6,"href":"https:\/\/sadtech.fr\/index.php\/wp-json\/wp\/v2\/product\/2612\/revisions"}],"predecessor-version":[{"id":2626,"href":"https:\/\/sadtech.fr\/index.php\/wp-json\/wp\/v2\/product\/2612\/revisions\/2626"}],"wp:featuredmedia":[{"embeddable":true,"href":"https:\/\/sadtech.fr\/index.php\/wp-json\/wp\/v2\/media\/2402"}],"wp:attachment":[{"href":"https:\/\/sadtech.fr\/index.php\/wp-json\/wp\/v2\/media?parent=2612"}],"wp:term":[{"taxonomy":"product_brand","embeddable":true,"href":"https:\/\/sadtech.fr\/index.php\/wp-json\/wp\/v2\/product_brand?post=2612"},{"taxonomy":"product_cat","embeddable":true,"href":"https:\/\/sadtech.fr\/index.php\/wp-json\/wp\/v2\/product_cat?post=2612"},{"taxonomy":"product_tag","embeddable":true,"href":"https:\/\/sadtech.fr\/index.php\/wp-json\/wp\/v2\/product_tag?post=2612"}],"curies":[{"name":"wp","href":"https:\/\/api.w.org\/{rel}","templated":true}]}}