{"id":113,"date":"2025-03-08T10:36:44","date_gmt":"2025-03-08T09:36:44","guid":{"rendered":"https:\/\/sadtech.fr\/?post_type=product&#038;p=113"},"modified":"2026-01-14T10:48:43","modified_gmt":"2026-01-14T09:48:43","slug":"climatiseur-bi-split-toshiba","status":"publish","type":"product","link":"https:\/\/sadtech.fr\/index.php\/product\/climatiseur-bi-split-toshiba\/","title":{"rendered":"Climatiseur Bi-Split TOSHIBA"},"content":{"rendered":"\t\t<div data-elementor-type=\"product-post\" data-elementor-id=\"113\" class=\"elementor elementor-113\" data-elementor-post-type=\"product\">\n\t\t\t\t<div class=\"elementor-element elementor-element-24b98150 e-flex e-con-boxed e-con e-parent\" data-id=\"24b98150\" data-element_type=\"container\" data-e-type=\"container\">\n\t\t\t\t\t<div class=\"e-con-inner\">\n\t\t\t\t<div class=\"elementor-element elementor-element-5e1d4767 elementor-widget elementor-widget-text-editor\" data-id=\"5e1d4767\" data-element_type=\"widget\" data-e-type=\"widget\" data-widget_type=\"text-editor.default\">\n\t\t\t\t<div class=\"elementor-widget-container\">\n\t\t\t\t\t\t\t\t\tClimatiseur ou Appel\u00e9 encore pompe a chaleur air air , type Bi split , 2 en 1,\u00a0 le but est de rafraichir et Chauffer et Encore D\u00e9shumidifier 2 pi\u00e8ces s\u00e9par\u00e9 de\u00a0 l&rsquo;espace Int\u00e9rieure de Mani\u00e8re Efficiente et Economique, Ce Model Toshiba est con\u00e7u pour perdurer dans le temps, en r\u00e9duisant les risque de panne. Connu pour sa Fiabilit\u00e9 il int\u00e8gre une technologie avanc\u00e9 permettant de varier la puissance du moteur avec un total contr\u00f4le a distance\t\t\t\t\t\t\t\t<\/div>\n\t\t\t\t<\/div>\n\t\t\t\t<div class=\"elementor-element elementor-element-6f4177d elementor-widget elementor-widget-stripe-button\" data-id=\"6f4177d\" data-element_type=\"widget\" data-e-type=\"widget\" data-settings=\"{&quot;stripe_currency&quot;:&quot;EUR&quot;,&quot;sandbox_mode&quot;:&quot;yes&quot;}\" data-widget_type=\"stripe-button.default\">\n\t\t\t\t<div class=\"elementor-widget-container\">\n\t\t\t\t\t\t\t\t\t<div class=\"elementor-button-wrapper\">\n\t\t\t\t\t\n\t\t<form class=\"elementor-stripe-form\">\n\t\t\t<input type=\"hidden\" name=\"url\" value=\"https:\/\/sadtech.fr\/wp-admin\/admin-ajax.php\">\n\t\t\t<input type=\"hidden\" name=\"action\" value=\"submit_stripe_form\"\/>\n\t\t\t<input type=\"hidden\" name=\"widget_id\" value=\"6f4177d\"\/>\n\t\t\t<input type=\"hidden\" name=\"current_url\" value=\"\/index.php\"\/>\n\t\t\t<input type=\"hidden\" name=\"custom_error_msg\" value=\"\" \/>\n\t\t\t<input type=\"hidden\" name=\"custom_error_msg_global\" value=\"\" \/>\n\t\t\t<input type=\"hidden\" name=\"custom_error_msg_payment\" value=\"\" \/>\n\t\t\t<input type=\"hidden\" id=\"stripe_form_submit_nonce\" name=\"stripe_form_submit_nonce\" value=\"4995275974\" \/><input type=\"hidden\" name=\"_wp_http_referer\" value=\"\/index.php\/product\/climatiseur-bi-split-toshiba\/\" \/>\t\t\t<input type=\"hidden\" name=\"open_in_new_window\" value=\"yes\"\/>\n\t\t\t\t\t<button class=\"elementor-button elementor-size-sm elementor-payment-button\" role=\"button\">\n\t\t\t\t\t<span class=\"elementor-button-content-wrapper\">\n\t\t\t\t\t\t\t\t\t<span class=\"elementor-button-text\">ACHETER<\/span>\n\t\t\t\t\t<\/span>\n\t\t\t\t<\/button>\n\t\t\t\t<\/form>\n\t\t\t\t\t\t<\/div>\n\t\t\t\t\t\t\t\t<\/div>\n\t\t\t\t<\/div>\n\t\t\t\t\t<\/div>\n\t\t\t\t<\/div>\n\t\t\t\t<\/div>\n\t\t","protected":false},"excerpt":{"rendered":"<p>Climatiseur ou Appel\u00e9 encore pompe a chaleur air air , type Bi split , 2 en 1,\u00a0 le but est de rafraichir et Chauffer et Encore D\u00e9shumidifier 2 pi\u00e8ces s\u00e9par\u00e9 de\u00a0 l&rsquo;espace Int\u00e9rieure de Mani\u00e8re Efficiente et Economique, Ce Model Toshiba est con\u00e7u pour perdurer dans le temps, en r\u00e9duisant les risque de panne. Connu [&hellip;]<\/p>\n","protected":false},"featured_media":114,"template":"","meta":[],"product_brand":[],"product_cat":[25],"product_tag":[],"class_list":{"0":"post-113","1":"product","2":"type-product","3":"status-publish","4":"has-post-thumbnail","6":"product_cat-pompe-a-chaleur-reversible","8":"first","9":"instock","10":"featured","11":"taxable","12":"shipping-taxable","13":"purchasable","14":"product-type-simple"},"_links":{"self":[{"href":"https:\/\/sadtech.fr\/index.php\/wp-json\/wp\/v2\/product\/113","targetHints":{"allow":["GET"]}}],"collection":[{"href":"https:\/\/sadtech.fr\/index.php\/wp-json\/wp\/v2\/product"}],"about":[{"href":"https:\/\/sadtech.fr\/index.php\/wp-json\/wp\/v2\/types\/product"}],"version-history":[{"count":6,"href":"https:\/\/sadtech.fr\/index.php\/wp-json\/wp\/v2\/product\/113\/revisions"}],"predecessor-version":[{"id":2536,"href":"https:\/\/sadtech.fr\/index.php\/wp-json\/wp\/v2\/product\/113\/revisions\/2536"}],"wp:featuredmedia":[{"embeddable":true,"href":"https:\/\/sadtech.fr\/index.php\/wp-json\/wp\/v2\/media\/114"}],"wp:attachment":[{"href":"https:\/\/sadtech.fr\/index.php\/wp-json\/wp\/v2\/media?parent=113"}],"wp:term":[{"taxonomy":"product_brand","embeddable":true,"href":"https:\/\/sadtech.fr\/index.php\/wp-json\/wp\/v2\/product_brand?post=113"},{"taxonomy":"product_cat","embeddable":true,"href":"https:\/\/sadtech.fr\/index.php\/wp-json\/wp\/v2\/product_cat?post=113"},{"taxonomy":"product_tag","embeddable":true,"href":"https:\/\/sadtech.fr\/index.php\/wp-json\/wp\/v2\/product_tag?post=113"}],"curies":[{"name":"wp","href":"https:\/\/api.w.org\/{rel}","templated":true}]}}